
{"id":1448,"date":"2022-11-17T15:56:53","date_gmt":"2022-11-17T15:56:53","guid":{"rendered":"http:\/\/policlinicaselohim.com\/?page_id=1448"},"modified":"2022-12-17T03:27:44","modified_gmt":"2022-12-17T03:27:44","slug":"jornadas-ss-valencia","status":"publish","type":"page","link":"http:\/\/policlinicaselohim.com\/?page_id=1448","title":{"rendered":"Noticias Valencia"},"content":{"rendered":"\t\t<div data-elementor-type=\"wp-page\" data-elementor-id=\"1448\" class=\"elementor elementor-1448\">\n\t\t\t\t\t\t\t\t\t<section class=\"elementor-section elementor-top-section elementor-element elementor-element-1cb4bda elementor-section-height-min-height elementor-section-boxed elementor-section-height-default elementor-section-items-middle\" data-id=\"1cb4bda\" data-element_type=\"section\" data-settings=\"{&quot;background_background&quot;:&quot;classic&quot;}\">\n\t\t\t\t\t\t\t<div class=\"elementor-background-overlay\"><\/div>\n\t\t\t\t\t\t\t<div class=\"elementor-container elementor-column-gap-no\">\n\t\t\t\t\t<div class=\"elementor-column elementor-col-100 elementor-top-column elementor-element elementor-element-f7fcc40\" data-id=\"f7fcc40\" data-element_type=\"column\">\n\t\t\t<div class=\"elementor-widget-wrap elementor-element-populated\">\n\t\t\t\t\t\t\t\t<div class=\"elementor-element elementor-element-f5e38e3 elementor-widget elementor-widget-page-title\" data-id=\"f5e38e3\" data-element_type=\"widget\" data-settings=\"{&quot;align&quot;:&quot;center&quot;}\" data-widget_type=\"page-title.default\">\n\t\t\t\t<div class=\"elementor-widget-container\">\n\t\t\t\t\t\n\t\t<div class=\"hfe-page-title hfe-page-title-wrapper elementor-widget-heading\">\n\n\t\t\t\t\t\t\t\t\t\t\t<a href=\"http:\/\/policlinicaselohim.com\">\n\t\t\t\t\t\t<h1 class=\"elementor-heading-title elementor-size-default\">\n\t\t\t\t\t\t\t\t\n\t\t\t\tNoticias Valencia  \n\t\t\t<\/h1 > \n\t\t\t\t\t\t\t\t\t<\/a>\n\t\t\t\t\t<\/div>\n\t\t\t\t<\/div>\n\t\t\t\t<\/div>\n\t\t\t\t\t<\/div>\n\t\t<\/div>\n\t\t\t\t\t\t\t<\/div>\n\t\t<\/section>\n\t\t\t\t<section class=\"elementor-section elementor-top-section elementor-element elementor-element-6e42b65 elementor-section-boxed elementor-section-height-default elementor-section-height-default elementor-invisible\" data-id=\"6e42b65\" data-element_type=\"section\" data-settings=\"{&quot;animation&quot;:&quot;fadeInUp&quot;}\">\n\t\t\t\t\t\t<div class=\"elementor-container elementor-column-gap-no\">\n\t\t\t\t\t<div class=\"elementor-column elementor-col-100 elementor-top-column elementor-element elementor-element-d4df442\" data-id=\"d4df442\" data-element_type=\"column\">\n\t\t\t<div class=\"elementor-widget-wrap elementor-element-populated\">\n\t\t\t\t\t\t\t\t<div class=\"elementor-element elementor-element-3932547 elementor-widget elementor-widget-spacer\" data-id=\"3932547\" data-element_type=\"widget\" data-widget_type=\"spacer.default\">\n\t\t\t\t<div class=\"elementor-widget-container\">\n\t\t\t<style>\/*! elementor - v3.8.0 - 30-10-2022 *\/\n.elementor-column .elementor-spacer-inner{height:var(--spacer-size)}.e-con{--container-widget-width:100%}.e-con-inner>.elementor-widget-spacer,.e-con>.elementor-widget-spacer{width:var(--container-widget-width,var(--spacer-size));-ms-flex-item-align:stretch;align-self:stretch;-ms-flex-negative:0;flex-shrink:0}.e-con-inner>.elementor-widget-spacer>.elementor-widget-container,.e-con-inner>.elementor-widget-spacer>.elementor-widget-container>.elementor-spacer,.e-con>.elementor-widget-spacer>.elementor-widget-container,.e-con>.elementor-widget-spacer>.elementor-widget-container>.elementor-spacer{height:100%}.e-con-inner>.elementor-widget-spacer>.elementor-widget-container>.elementor-spacer>.elementor-spacer-inner,.e-con>.elementor-widget-spacer>.elementor-widget-container>.elementor-spacer>.elementor-spacer-inner{height:var(--container-widget-height,var(--spacer-size))}<\/style>\t\t<div class=\"elementor-spacer\">\n\t\t\t<div class=\"elementor-spacer-inner\"><\/div>\n\t\t<\/div>\n\t\t\t\t<\/div>\n\t\t\t\t<\/div>\n\t\t\t\t\t<\/div>\n\t\t<\/div>\n\t\t\t\t\t\t\t<\/div>\n\t\t<\/section>\n\t\t\t\t<section class=\"elementor-section elementor-top-section elementor-element elementor-element-d114afe elementor-section-boxed elementor-section-height-default elementor-section-height-default\" data-id=\"d114afe\" data-element_type=\"section\">\n\t\t\t\t\t\t<div class=\"elementor-container elementor-column-gap-default\">\n\t\t\t\t\t<div class=\"elementor-column elementor-col-100 elementor-top-column elementor-element elementor-element-0fa2b2d\" data-id=\"0fa2b2d\" data-element_type=\"column\">\n\t\t\t<div class=\"elementor-widget-wrap elementor-element-populated\">\n\t\t\t\t\t\t\t\t<div class=\"elementor-element elementor-element-9e4bd48 elementor-widget elementor-widget-shortcode\" data-id=\"9e4bd48\" data-element_type=\"widget\" data-widget_type=\"shortcode.default\">\n\t\t\t\t<div class=\"elementor-widget-container\">\n\t\t\t\t\t<div class=\"elementor-shortcode\"><div class='jr-insta-thumb'>\r\n    <ul class='no-bullet thumbnails jr_col_4' id='wis-slides'>\r\n\t\t            <li class='GraphVideo  no-isw-icons'>\r\n                <div style='background: url(https:\/\/scontent-lcy1-1.cdninstagram.com\/v\/t51.29350-15\/326961256_139524428955557_1916747574266318044_n.jpg?_nc_cat=111&ccb=1-7&_nc_sid=8ae9d6&_nc_ohc=1vt96_hApZcAX_9DIKh&_nc_ht=scontent-lcy1-1.cdninstagram.com&edm=AP4hL3IEAAAA&oh=00_AfBzPN0-NRW_v9GXCb0iVzrFsg3NCad1Zmtnxpi-hvF2bw&oe=63D6B439) no-repeat center center; background-size: cover;'><a href='https:\/\/www.instagram.com\/reel\/Cn1ufe6rnnA\/' target='_blank' rel='nofollow noreferrer'> <img alt='En Policl\u00ednicas Elohim contamos con equipos de vanguardia para brindarte la atenci\u00f3n que mereces \u200d\u2695\ufe0f\u200a\u200d\u2695\ufe0fNuestros especialistas est\u00e1n listos para recibirte' src='http:\/\/policlinicaselohim.com\/wp-content\/plugins\/instagram-slider-widget\/components\/instagram\/assets\/img\/image.png'  class='GraphVideo' style='opacity: 0;'><\/a><\/div>\r\n            <\/li>\r\n\t\t            <li class='GraphImage  no-isw-icons'>\r\n                <div style='background: url(https:\/\/scontent-lcy1-1.cdninstagram.com\/v\/t51.29350-15\/326546903_490547716567020_5163427398985721713_n.webp?stp=dst-jpg&_nc_cat=102&ccb=1-7&_nc_sid=8ae9d6&_nc_ohc=nj8dE_7hjwgAX_SyZzn&_nc_ht=scontent-lcy1-1.cdninstagram.com&edm=AP4hL3IEAAAA&oh=00_AfAYBOVTDRjY2wXf8Jnm090l6Et7m4zu5vlw5kSDP9wANQ&oe=63D5A5F4) no-repeat center center; background-size: cover;'><a href='https:\/\/www.instagram.com\/p\/CnzSoeGOSmL\/' target='_blank' rel='nofollow noreferrer'> <img alt='Inicia el 2023 mejorando tu calidad de vida \u2764\ufe0f Disfruta de la jornada de correcci\u00f3n de cataratas que tenemos para' src='http:\/\/policlinicaselohim.com\/wp-content\/plugins\/instagram-slider-widget\/components\/instagram\/assets\/img\/image.png'  class='GraphImage' style='opacity: 0;'><\/a><\/div>\r\n            <\/li>\r\n\t\t            <li class='GraphVideo  no-isw-icons'>\r\n                <div style='background: url(https:\/\/scontent-lcy1-1.cdninstagram.com\/v\/t51.29350-15\/326557518_1242061490068382_3170158137703901636_n.jpg?_nc_cat=110&ccb=1-7&_nc_sid=8ae9d6&_nc_ohc=ES46_mhys-oAX_9mscD&_nc_ht=scontent-lcy1-1.cdninstagram.com&edm=AP4hL3IEAAAA&oh=00_AfDhlN7lhoU33H-Ohwgkkmdr7foqJ_pnamZnEdmaCdK6Og&oe=63D76917) no-repeat center center; background-size: cover;'><a href='https:\/\/www.instagram.com\/reel\/Cnw8kYeMeVg\/' target='_blank' rel='nofollow noreferrer'> <img alt='\u200d\u2695\ufe0f Realizarte una ecograf\u00eda en Policl\u00ednicas Elohim es R\u00e1pido F\u00e1cil Confiable \u00a1Y lo mejor de todo! puedes agendar el examen' src='http:\/\/policlinicaselohim.com\/wp-content\/plugins\/instagram-slider-widget\/components\/instagram\/assets\/img\/image.png'  class='GraphVideo' style='opacity: 0;'><\/a><\/div>\r\n            <\/li>\r\n\t\t            <li class='GraphVideo  no-isw-icons'>\r\n                <div style='background: url(https:\/\/scontent-lcy1-1.cdninstagram.com\/v\/t51.29350-15\/325989287_123436927298134_1344348573049854708_n.jpg?_nc_cat=110&ccb=1-7&_nc_sid=8ae9d6&_nc_ohc=E4lBdGZkb40AX9aGaEN&_nc_ht=scontent-lcy1-1.cdninstagram.com&edm=AP4hL3IEAAAA&oh=00_AfDS4NSUTWj2cSvQ3LqCa1l9ieEgcqjpDQAWQlXIngQOyg&oe=63D7072D) no-repeat center center; background-size: cover;'><a href='https:\/\/www.instagram.com\/reel\/Cno1K6ZL9qr\/' target='_blank' rel='nofollow noreferrer'> <img alt='Estamos comprometidos con tu bienestar \u2764\ufe0f Nuestro servicio de emergencias funciona las 24 horas Contamos con los mejores especialistas m\u00e9dicos' src='http:\/\/policlinicaselohim.com\/wp-content\/plugins\/instagram-slider-widget\/components\/instagram\/assets\/img\/image.png'  class='GraphVideo' style='opacity: 0;'><\/a><\/div>\r\n            <\/li>\r\n\t\t            <li class='GraphImage  no-isw-icons'>\r\n                <div style='background: url(https:\/\/scontent-lcy1-1.cdninstagram.com\/v\/t51.29350-15\/326236547_873805453825076_803116926836778500_n.webp?stp=dst-jpg&_nc_cat=101&ccb=1-7&_nc_sid=8ae9d6&_nc_ohc=wVWV3J7-sNsAX-3Kk3w&_nc_ht=scontent-lcy1-1.cdninstagram.com&edm=AP4hL3IEAAAA&oh=00_AfCjLkZQgBhiUyUcaGDZHcZH4GXhNfAhnFKgrN9RJMWIPQ&oe=63D6F812) no-repeat center center; background-size: cover;'><a href='https:\/\/www.instagram.com\/p\/Cnmin1zOlfD\/' target='_blank' rel='nofollow noreferrer'> <img alt='Dependiendo del tipo de Radiograf\u00eda, el doctor puede pedirte que ayunes antes del examen. En la mayor\u00eda de casos, esto' src='http:\/\/policlinicaselohim.com\/wp-content\/plugins\/instagram-slider-widget\/components\/instagram\/assets\/img\/image.png'  class='GraphImage' style='opacity: 0;'><\/a><\/div>\r\n            <\/li>\r\n\t\t            <li class='GraphVideo  no-isw-icons'>\r\n                <div style='background: url(https:\/\/scontent-lcy1-1.cdninstagram.com\/v\/t51.29350-15\/325796774_1332825910874185_6765798229025289896_n.jpg?_nc_cat=107&ccb=1-7&_nc_sid=8ae9d6&_nc_ohc=aT0X0vH4EXgAX-oU0N3&_nc_ht=scontent-lcy1-1.cdninstagram.com&edm=AP4hL3IEAAAA&oh=00_AfBZCx4q7FBUK_HJ7pUY2Cl39Xhof3o7YWtyHtZGCd_Igg&oe=63D585E8) no-repeat center center; background-size: cover;'><a href='https:\/\/www.instagram.com\/reel\/CnjuxYmO1iN\/' target='_blank' rel='nofollow noreferrer'> <img alt='Una fractura es considerada una lesi\u00f3n grave y requiere atenci\u00f3n m\u00e9dica inmediata Es importante: No intentar enderezar un hueso ni' src='http:\/\/policlinicaselohim.com\/wp-content\/plugins\/instagram-slider-widget\/components\/instagram\/assets\/img\/image.png'  class='GraphVideo' style='opacity: 0;'><\/a><\/div>\r\n            <\/li>\r\n\t\t            <li class='GraphImage  no-isw-icons'>\r\n                <div style='background: url(https:\/\/scontent-lcy1-1.cdninstagram.com\/v\/t51.29350-15\/325698520_165753389580500_4567261197847800262_n.webp?stp=dst-jpg&_nc_cat=106&ccb=1-7&_nc_sid=8ae9d6&_nc_ohc=a0lP-bnNHRAAX_-TATQ&_nc_ht=scontent-lcy1-1.cdninstagram.com&edm=AP4hL3IEAAAA&oh=00_AfDKd0owiQ8DNQntq0hkL7nw_e3riQMqAX2X-ctUy9ztCg&oe=63D5D52F) no-repeat center center; background-size: cover;'><a href='https:\/\/www.instagram.com\/p\/CnhQMfhupgA\/' target='_blank' rel='nofollow noreferrer'> <img alt='Nuestro servicio de Rayos X te ofrece resultados r\u00e1pidos y confiables\u200d\u2695\ufe0f\u200d\u2695\ufe0f En Policl\u00ednicas Elohim tu salud est\u00e1 en las mejores' src='http:\/\/policlinicaselohim.com\/wp-content\/plugins\/instagram-slider-widget\/components\/instagram\/assets\/img\/image.png'  class='GraphImage' style='opacity: 0;'><\/a><\/div>\r\n            <\/li>\r\n\t\t            <li class='GraphVideo  no-isw-icons'>\r\n                <div style='background: url(https:\/\/scontent-lcy1-1.cdninstagram.com\/v\/t51.29350-15\/325226650_730629261613316_4338138090918398447_n.jpg?_nc_cat=107&ccb=1-7&_nc_sid=8ae9d6&_nc_ohc=zfQE-bFZ6RUAX-f0ekE&_nc_ht=scontent-lcy1-1.cdninstagram.com&edm=AP4hL3IEAAAA&oh=00_AfAZZvQpvlUw4r24lNUskgZGKjkCOpuNKYA-Hr12F9mEzw&oe=63D75463) no-repeat center center; background-size: cover;'><a href='https:\/\/www.instagram.com\/reel\/CnemLjfuHOH\/' target='_blank' rel='nofollow noreferrer'> <img alt='El estudio de la edad \u00f3sea puede ayudar a evaluar el ritmo con el que est\u00e1 madurando el esqueleto de' src='http:\/\/policlinicaselohim.com\/wp-content\/plugins\/instagram-slider-widget\/components\/instagram\/assets\/img\/image.png'  class='GraphVideo' style='opacity: 0;'><\/a><\/div>\r\n            <\/li>\r\n\t\t    <\/ul>\r\n<\/div><\/div>\n\t\t\t\t<\/div>\n\t\t\t\t<\/div>\n\t\t\t\t\t<\/div>\n\t\t<\/div>\n\t\t\t\t\t\t\t<\/div>\n\t\t<\/section>\n\t\t\t\t<section class=\"elementor-section elementor-top-section elementor-element elementor-element-f749625 elementor-section-boxed elementor-section-height-default elementor-section-height-default elementor-invisible\" data-id=\"f749625\" data-element_type=\"section\" data-settings=\"{&quot;animation&quot;:&quot;fadeInUp&quot;}\">\n\t\t\t\t\t\t<div class=\"elementor-container elementor-column-gap-no\">\n\t\t\t\t\t<div class=\"elementor-column elementor-col-100 elementor-top-column elementor-element elementor-element-50da6a8\" data-id=\"50da6a8\" data-element_type=\"column\">\n\t\t\t<div class=\"elementor-widget-wrap elementor-element-populated\">\n\t\t\t\t\t\t\t\t<div class=\"elementor-element elementor-element-a1208c0 elementor-widget elementor-widget-spacer\" data-id=\"a1208c0\" data-element_type=\"widget\" data-widget_type=\"spacer.default\">\n\t\t\t\t<div class=\"elementor-widget-container\">\n\t\t\t\t\t<div class=\"elementor-spacer\">\n\t\t\t<div class=\"elementor-spacer-inner\"><\/div>\n\t\t<\/div>\n\t\t\t\t<\/div>\n\t\t\t\t<\/div>\n\t\t\t\t\t<\/div>\n\t\t<\/div>\n\t\t\t\t\t\t\t<\/div>\n\t\t<\/section>\n\t\t\t\t\t\t\t<\/div>\n\t\t","protected":false},"excerpt":{"rendered":"<p>Noticias Valencia<\/p>\n","protected":false},"author":1,"featured_media":0,"parent":0,"menu_order":0,"comment_status":"closed","ping_status":"closed","template":"","meta":{"_joinchat":[],"footnotes":""},"class_list":["post-1448","page","type-page","status-publish","hentry"],"_links":{"self":[{"href":"http:\/\/policlinicaselohim.com\/index.php?rest_route=\/wp\/v2\/pages\/1448","targetHints":{"allow":["GET"]}}],"collection":[{"href":"http:\/\/policlinicaselohim.com\/index.php?rest_route=\/wp\/v2\/pages"}],"about":[{"href":"http:\/\/policlinicaselohim.com\/index.php?rest_route=\/wp\/v2\/types\/page"}],"author":[{"embeddable":true,"href":"http:\/\/policlinicaselohim.com\/index.php?rest_route=\/wp\/v2\/users\/1"}],"replies":[{"embeddable":true,"href":"http:\/\/policlinicaselohim.com\/index.php?rest_route=%2Fwp%2Fv2%2Fcomments&post=1448"}],"version-history":[{"count":11,"href":"http:\/\/policlinicaselohim.com\/index.php?rest_route=\/wp\/v2\/pages\/1448\/revisions"}],"predecessor-version":[{"id":2300,"href":"http:\/\/policlinicaselohim.com\/index.php?rest_route=\/wp\/v2\/pages\/1448\/revisions\/2300"}],"wp:attachment":[{"href":"http:\/\/policlinicaselohim.com\/index.php?rest_route=%2Fwp%2Fv2%2Fmedia&parent=1448"}],"curies":[{"name":"wp","href":"https:\/\/api.w.org\/{rel}","templated":true}]}}